{"id":728,"date":"2024-09-06T00:04:08","date_gmt":"2024-09-05T22:04:08","guid":{"rendered":"https:\/\/wdsc-hanover.de\/?page_id=728"},"modified":"2024-09-06T00:04:08","modified_gmt":"2024-09-05T22:04:08","slug":"news-wettkampftag6","status":"publish","type":"page","link":"https:\/\/wdsc-hanover.de\/en\/news-wettkampftag6\/","title":{"rendered":"News &#8211; Wettkampftag6"},"content":{"rendered":"<div style=\"height:50px\" aria-hidden=\"true\" class=\"wp-block-spacer\"><\/div>\n\n\n\n<h5 class=\"wp-block-heading\">Golden marksmanship: Ukraine and India dominate the shooting competitions<\/h5>\n\n\n\n<p>Today's men's rapid-fire pistol shooting competition required the highest level of concentration and speed from the shooters. Five shots had to be fired precisely within a very short time - a challenge that increased the pressure on the six top athletes enormously. But the Ukrainian Serhii Ohorodnyk showed nerves of steel and was in the lead from the start. With an outstanding performance, he secured the top position in both rounds and crowned himself the winner with 555 rings. At the same time, he set a new qualification world record and left the competition no chance.<\/p>\n\n\n\n<p>His compatriot Oleksandr Kolodii followed him in second place, while the Indian was delighted with the bronze medal. For the German participant Martin B\u00f6hlke, things did not go as hoped in the first round - with only 67 rings, he was unable to make up the deficit in the second round.<\/p>\n\n\n\n<p>The men's 50-meter rifle shooting in the \"3 positions\" discipline was also very competitive today. In the qualification round, the German shooters Sebastian Herrmany and Erik Hess secured their place in the final. But the Indian, who set a world record in the qualification round, was unbeatable. The German Deaflympic winner Colin M\u00fcller only just missed the final.<\/p>\n\n\n\n<p>In the final, the Indian Shourya Saini prevailed confidently and won gold. Second and third places went to Ukraine. Sebastian Herrmany took a respectable fifth place, while Erik Hess came in sixth.<\/p>","protected":false},"excerpt":{"rendered":"<p>Goldene Treffsicherheit: Ukraine und Indien dominieren die Schie\u00dfsportwettk\u00e4mpfe Beim heutigen Wettkampf der M\u00e4nner im Schnellfeuerpistolenschie\u00dfen wurde den Sch\u00fctzen h\u00f6chste Konzentration und Geschwindigkeit abverlangt. Innerhalb k\u00fcrzester Zeit mussten f\u00fcnf Sch\u00fcsse pr\u00e4zise abgegeben werden \u2013 eine Herausforderung, die den Druck f\u00fcr die sechs Top-Athleten enorm erh\u00f6hte. Doch der Ukrainer Serhii Ohorodnyk bewies Nervenst\u00e4rke und f\u00fchrte von Beginn&#8230;<\/p>","protected":false},"author":1,"featured_media":0,"parent":0,"menu_order":0,"comment_status":"closed","ping_status":"closed","template":"","meta":{"_kad_post_transparent":"","_kad_post_title":"","_kad_post_layout":"","_kad_post_sidebar_id":"","_kad_post_content_style":"","_kad_post_vertical_padding":"","_kad_post_feature":"","_kad_post_feature_position":"","_kad_post_header":false,"_kad_post_footer":false,"footnotes":""},"class_list":["post-728","page","type-page","status-publish","hentry"],"_links":{"self":[{"href":"https:\/\/wdsc-hanover.de\/en\/wp-json\/wp\/v2\/pages\/728","targetHints":{"allow":["GET"]}}],"collection":[{"href":"https:\/\/wdsc-hanover.de\/en\/wp-json\/wp\/v2\/pages"}],"about":[{"href":"https:\/\/wdsc-hanover.de\/en\/wp-json\/wp\/v2\/types\/page"}],"author":[{"embeddable":true,"href":"https:\/\/wdsc-hanover.de\/en\/wp-json\/wp\/v2\/users\/1"}],"replies":[{"embeddable":true,"href":"https:\/\/wdsc-hanover.de\/en\/wp-json\/wp\/v2\/comments?post=728"}],"version-history":[{"count":1,"href":"https:\/\/wdsc-hanover.de\/en\/wp-json\/wp\/v2\/pages\/728\/revisions"}],"predecessor-version":[{"id":729,"href":"https:\/\/wdsc-hanover.de\/en\/wp-json\/wp\/v2\/pages\/728\/revisions\/729"}],"wp:attachment":[{"href":"https:\/\/wdsc-hanover.de\/en\/wp-json\/wp\/v2\/media?parent=728"}],"curies":[{"name":"wp","href":"https:\/\/api.w.org\/{rel}","templated":true}]}}