{"id":42,"date":"2024-07-23T19:45:13","date_gmt":"2024-07-23T17:45:13","guid":{"rendered":"https:\/\/wdsc-hanover.de\/?page_id=42"},"modified":"2024-09-08T13:15:16","modified_gmt":"2024-09-08T11:15:16","slug":"news","status":"publish","type":"page","link":"https:\/\/wdsc-hanover.de\/en\/news\/","title":{"rendered":"News"},"content":{"rendered":"<div style=\"height:70px\" aria-hidden=\"true\" class=\"wp-block-spacer\"><\/div>\n\n\n\n<h2 class=\"wp-block-heading\">News<\/h2>\n\n\n\n<div class=\"wp-block-columns is-layout-flex wp-container-core-columns-is-layout-9d6595d7 wp-block-columns-is-layout-flex\">\n<div class=\"wp-block-column is-layout-flow wp-block-column-is-layout-flow\">\n<div class=\"wp-block-media-text is-stacked-on-mobile\"><figure class=\"wp-block-media-text__media\"><a href=\"https:\/\/wdsc-hanover.de\/en\/news-wettkampftag8\/\"><img loading=\"lazy\" decoding=\"async\" width=\"300\" height=\"200\" src=\"https:\/\/wdsc-hanover.de\/wp-content\/uploads\/2024\/09\/Winnng_youth_athletes.jpg\" alt=\"\" class=\"wp-image-762 size-full\" srcset=\"https:\/\/wdsc-hanover.de\/wp-content\/uploads\/2024\/09\/Winnng_youth_athletes.jpg 300w, https:\/\/wdsc-hanover.de\/wp-content\/uploads\/2024\/09\/Winnng_youth_athletes-18x12.jpg 18w\" sizes=\"auto, (max-width: 300px) 100vw, 300px\" \/><\/a><\/figure><div class=\"wp-block-media-text__content\">\n<p><strong>Excitement at the final of the World Championships in the men's 25-meter center fire pistol competition<\/strong><br>On the last day of the World Championships, the focus was on the men's 25-meter center <a href=\"https:\/\/wdsc-hanover.de\/en\/news-wettkampftag8\/\" data-type=\"page\" data-id=\"755\">&#8230;<\/a><\/p>\n<\/div><\/div>\n<\/div>\n\n\n\n<div class=\"wp-block-column is-layout-flow wp-block-column-is-layout-flow\"><\/div>\n<\/div>\n\n\n\n<div class=\"wp-block-columns is-layout-flex wp-container-core-columns-is-layout-9d6595d7 wp-block-columns-is-layout-flex\">\n<div class=\"wp-block-column is-layout-flow wp-block-column-is-layout-flow\">\n<div class=\"wp-block-media-text is-stacked-on-mobile\"><figure class=\"wp-block-media-text__media\"><a href=\"https:\/\/wdsc-hanover.de\/en\/news-wettkampftag7\/\"><img loading=\"lazy\" decoding=\"async\" width=\"300\" height=\"200\" src=\"https:\/\/wdsc-hanover.de\/wp-content\/uploads\/2024\/09\/Standardpistol_Rifle_3_Pos_w.jpg\" alt=\"\" class=\"wp-image-740 size-full\" srcset=\"https:\/\/wdsc-hanover.de\/wp-content\/uploads\/2024\/09\/Standardpistol_Rifle_3_Pos_w.jpg 300w, https:\/\/wdsc-hanover.de\/wp-content\/uploads\/2024\/09\/Standardpistol_Rifle_3_Pos_w-18x12.jpg 18w\" sizes=\"auto, (max-width: 300px) 100vw, 300px\" \/><\/a><\/figure><div class=\"wp-block-media-text__content\">\n<p><strong>India and Ukraine triumph at the World Championships in pistol and rifle shooting<\/strong><br>Today, the World Championships featured the 50-meter rifle shooting competition in three <a href=\"https:\/\/wdsc-hanover.de\/en\/news-wettkampftag7\/\" data-type=\"page\" data-id=\"728\">&#8230;<\/a><\/p>\n<\/div><\/div>\n<\/div>\n\n\n\n<div class=\"wp-block-column is-layout-flow wp-block-column-is-layout-flow\">\n<div class=\"wp-block-media-text is-stacked-on-mobile\"><figure class=\"wp-block-media-text__media\"><a href=\"https:\/\/wdsc-hanover.de\/en\/news-wettkampftag6\/\"><img loading=\"lazy\" decoding=\"async\" width=\"300\" height=\"200\" src=\"https:\/\/wdsc-hanover.de\/wp-content\/uploads\/2024\/09\/Rifle_3positions_men.jpg\" alt=\"\" class=\"wp-image-731 size-full\" srcset=\"https:\/\/wdsc-hanover.de\/wp-content\/uploads\/2024\/09\/Rifle_3positions_men.jpg 300w, https:\/\/wdsc-hanover.de\/wp-content\/uploads\/2024\/09\/Rifle_3positions_men-18x12.jpg 18w\" sizes=\"auto, (max-width: 300px) 100vw, 300px\" \/><\/a><\/figure><div class=\"wp-block-media-text__content\">\n<p><strong>Golden marksmanship: Ukraine and India dominate the shooting competitions<\/strong><br>Today's men's rapid-fire pistol shooting competition required the highest level of <a href=\"https:\/\/wdsc-hanover.de\/en\/news-wettkampftag6\/\" data-type=\"page\" data-id=\"728\">&#8230;<\/a><\/p>\n<\/div><\/div>\n<\/div>\n<\/div>\n\n\n\n<div class=\"wp-block-columns is-layout-flex wp-container-core-columns-is-layout-9d6595d7 wp-block-columns-is-layout-flex\">\n<div class=\"wp-block-column is-layout-flow wp-block-column-is-layout-flow\">\n<div class=\"wp-block-media-text is-stacked-on-mobile\"><figure class=\"wp-block-media-text__media\"><a href=\"https:\/\/wdsc-hanover.de\/en\/news-wettkampftag5\/\"><img loading=\"lazy\" decoding=\"async\" width=\"300\" height=\"200\" src=\"https:\/\/wdsc-hanover.de\/wp-content\/uploads\/2024\/09\/Pistol_Rifle-prone_f.jpg\" alt=\"\" class=\"wp-image-717 size-full\" srcset=\"https:\/\/wdsc-hanover.de\/wp-content\/uploads\/2024\/09\/Pistol_Rifle-prone_f.jpg 300w, https:\/\/wdsc-hanover.de\/wp-content\/uploads\/2024\/09\/Pistol_Rifle-prone_f-18x12.jpg 18w\" sizes=\"auto, (max-width: 300px) 100vw, 300px\" \/><\/a><\/figure><div class=\"wp-block-media-text__content\">\n<p><strong>Taiwan celebrates first medal, Germany fails to win a medal<\/strong><br>After yesterday's medal celebrations for Germany, the tension continued today in <a href=\"https:\/\/wdsc-hanover.de\/en\/news-wettkampftag5\/\" data-type=\"page\" data-id=\"713\">.<\/a><a href=\"https:\/\/wdsc-hanover.de\/en\/news-wettkampftag5\/\" data-type=\"page\" data-id=\"713\" target=\"_blank\" rel=\"noreferrer noopener\">..<\/a><\/p>\n<\/div><\/div>\n<\/div>\n\n\n\n<div class=\"wp-block-column is-layout-flow wp-block-column-is-layout-flow\">\n<div class=\"wp-block-media-text is-stacked-on-mobile\"><figure class=\"wp-block-media-text__media\"><a href=\"https:\/\/wdsc-hanover.de\/en\/news-wettkampftag4\/\"><img loading=\"lazy\" decoding=\"async\" width=\"300\" height=\"200\" src=\"https:\/\/wdsc-hanover.de\/wp-content\/uploads\/2024\/09\/Pistol_Rifle-prone.jpg\" alt=\"\" class=\"wp-image-702 size-full\" srcset=\"https:\/\/wdsc-hanover.de\/wp-content\/uploads\/2024\/09\/Pistol_Rifle-prone.jpg 300w, https:\/\/wdsc-hanover.de\/wp-content\/uploads\/2024\/09\/Pistol_Rifle-prone-18x12.jpg 18w\" sizes=\"auto, (max-width: 300px) 100vw, 300px\" \/><\/a><\/figure><div class=\"wp-block-media-text__content\">\n<p><strong>Germany shows nerves: First gold and silver after a long wait at the World Championships<\/strong><br>On the fourth day of the World Championships in Hanover, all eyes were on <a href=\"https:\/\/wdsc-hanover.de\/en\/news-wettkampftag4\/\" data-type=\"page\" data-id=\"700\">&#8230;<\/a><\/p>\n<\/div><\/div>\n<\/div>\n<\/div>\n\n\n\n<div class=\"wp-block-columns is-layout-flex wp-container-core-columns-is-layout-9d6595d7 wp-block-columns-is-layout-flex\">\n<div class=\"wp-block-column is-layout-flow wp-block-column-is-layout-flow\">\n<div class=\"wp-block-media-text is-stacked-on-mobile\"><figure class=\"wp-block-media-text__media\"><a href=\"https:\/\/wdsc-hanover.de\/en\/news-wettkampftag3\/\"><img loading=\"lazy\" decoding=\"async\" width=\"300\" height=\"200\" src=\"https:\/\/wdsc-hanover.de\/wp-content\/uploads\/2024\/09\/10m-Mixed.jpg\" alt=\"\" class=\"wp-image-689 size-full\" srcset=\"https:\/\/wdsc-hanover.de\/wp-content\/uploads\/2024\/09\/10m-Mixed.jpg 300w, https:\/\/wdsc-hanover.de\/wp-content\/uploads\/2024\/09\/10m-Mixed-18x12.jpg 18w\" sizes=\"auto, (max-width: 300px) 100vw, 300px\" \/><\/a><\/figure><div class=\"wp-block-media-text__content\">\n<p><strong>Mixed competitions: Gold for India, Germany misses the podium<\/strong><br>Today the focus was on the exciting mixed competitions in the air pistol and air rifle disciplines. <a href=\"https:\/\/wdsc-hanover.de\/en\/news-wettkampftag3\/\" data-type=\"page\" data-id=\"652\">&#8230;<\/a><\/p>\n<\/div><\/div>\n<\/div>\n\n\n\n<div class=\"wp-block-column is-layout-flow wp-block-column-is-layout-flow\">\n<div class=\"wp-block-media-text is-stacked-on-mobile\"><figure class=\"wp-block-media-text__media\"><a href=\"https:\/\/wdsc-hanover.de\/en\/news-wettkampftag2\/\"><img loading=\"lazy\" decoding=\"async\" width=\"300\" height=\"200\" src=\"https:\/\/wdsc-hanover.de\/wp-content\/uploads\/2024\/09\/10m_AirRifle.jpg\" alt=\"\" class=\"wp-image-658 size-full\" srcset=\"https:\/\/wdsc-hanover.de\/wp-content\/uploads\/2024\/09\/10m_AirRifle.jpg 300w, https:\/\/wdsc-hanover.de\/wp-content\/uploads\/2024\/09\/10m_AirRifle-18x12.jpg 18w\" sizes=\"auto, (max-width: 300px) 100vw, 300px\" \/><\/a><\/figure><div class=\"wp-block-media-text__content\">\n<p><strong>Excitement and records on the second day of competition: Indian shooters dominate the air rifle shooting!<\/strong><br>On the second day of the World Championship, the hotly anticipated 10-meter air rifle <a href=\"https:\/\/wdsc-hanover.de\/en\/news-wettkampftag2\/\" data-type=\"page\" data-id=\"652\">&#8230;<\/a><\/p>\n<\/div><\/div>\n<\/div>\n<\/div>\n\n\n\n<div style=\"height:20px\" aria-hidden=\"true\" class=\"wp-block-spacer\"><\/div>\n\n\n\n<div class=\"wp-block-columns is-layout-flex wp-container-core-columns-is-layout-9d6595d7 wp-block-columns-is-layout-flex\">\n<div class=\"wp-block-column is-layout-flow wp-block-column-is-layout-flow\">\n<div class=\"wp-block-media-text is-stacked-on-mobile\"><figure class=\"wp-block-media-text__media\"><a href=\"https:\/\/wdsc-hanover.de\/en\/news-wettkampftag1\/\"><img loading=\"lazy\" decoding=\"async\" width=\"300\" height=\"200\" src=\"https:\/\/wdsc-hanover.de\/wp-content\/uploads\/2024\/09\/10mAirPistolMen.jpg\" alt=\"\" class=\"wp-image-628 size-full\" srcset=\"https:\/\/wdsc-hanover.de\/wp-content\/uploads\/2024\/09\/10mAirPistolMen.jpg 300w, https:\/\/wdsc-hanover.de\/wp-content\/uploads\/2024\/09\/10mAirPistolMen-18x12.jpg 18w\" sizes=\"auto, (max-width: 300px) 100vw, 300px\" \/><\/a><\/figure><div class=\"wp-block-media-text__content\">\n<p><strong>Four new world records in the 10 meter air pistol competitions: Ukraine and India dominate<\/strong><br>After a thrilling opening ceremony, the first competitions in the 10-meter air pistol <a href=\"https:\/\/wdsc-hanover.de\/en\/news-wettkampftag1\/\">&#8230;<\/a><\/p>\n<\/div><\/div>\n<\/div>\n\n\n\n<div class=\"wp-block-column is-layout-flow wp-block-column-is-layout-flow\">\n<div class=\"wp-block-media-text is-stacked-on-mobile\"><figure class=\"wp-block-media-text__media\"><a href=\"https:\/\/wdsc-hanover.de\/en\/news-eroeffnungsfeier\/\"><img loading=\"lazy\" decoding=\"async\" width=\"300\" height=\"200\" src=\"https:\/\/wdsc-hanover.de\/wp-content\/uploads\/2024\/08\/Eroeffnungsfeier.jpg\" alt=\"\" class=\"wp-image-597 size-full\" srcset=\"https:\/\/wdsc-hanover.de\/wp-content\/uploads\/2024\/08\/Eroeffnungsfeier.jpg 300w, https:\/\/wdsc-hanover.de\/wp-content\/uploads\/2024\/08\/Eroeffnungsfeier-18x12.jpg 18w\" sizes=\"auto, (max-width: 300px) 100vw, 300px\" \/><\/a><\/figure><div class=\"wp-block-media-text__content\">\n<p><strong>Opening ceremony: <\/strong><br><strong>A celebration of the international community<\/strong> <br>On Thursday, 30 August 2024, the second World Shooting Championship was officially opened in Hanover. <a href=\"https:\/\/wdsc-hanover.de\/en\/news-eroeffnungsfeier\/\">&#8230;<\/a><\/p>\n<\/div><\/div>\n<\/div>\n<\/div>\n\n\n\n<p><\/p>","protected":false},"excerpt":{"rendered":"<p>News Spannung beim Finale der Weltmeisterschaft im 25-Meter Zentralfeuerpistolen-wettbewerb der M\u00e4nnerAm letzten Tag der Weltmeisterschaft stand der 25-Meter Zentralfeuerpistolen- &#8230; Indien und Ukraine triumphieren bei der Weltmeisterschaft im Pistolen- und Gewehrschie\u00dfenHeute standen bei der Weltmeisterschaft die Wettk\u00e4mpfe im 50-Meter- &#8230; Goldene Treffsicherheit: Ukraine und Indien dominieren die Schie\u00dfsportwettk\u00e4mpfeBeim heutigen Wettkampf der M\u00e4nner im Schnellfeuerpistolenschie\u00dfen wurde&#8230;<\/p>","protected":false},"author":1,"featured_media":0,"parent":0,"menu_order":0,"comment_status":"closed","ping_status":"closed","template":"","meta":{"_kad_post_transparent":"","_kad_post_title":"","_kad_post_layout":"","_kad_post_sidebar_id":"","_kad_post_content_style":"","_kad_post_vertical_padding":"","_kad_post_feature":"","_kad_post_feature_position":"","_kad_post_header":false,"_kad_post_footer":false,"footnotes":""},"class_list":["post-42","page","type-page","status-publish","hentry"],"_links":{"self":[{"href":"https:\/\/wdsc-hanover.de\/en\/wp-json\/wp\/v2\/pages\/42","targetHints":{"allow":["GET"]}}],"collection":[{"href":"https:\/\/wdsc-hanover.de\/en\/wp-json\/wp\/v2\/pages"}],"about":[{"href":"https:\/\/wdsc-hanover.de\/en\/wp-json\/wp\/v2\/types\/page"}],"author":[{"embeddable":true,"href":"https:\/\/wdsc-hanover.de\/en\/wp-json\/wp\/v2\/users\/1"}],"replies":[{"embeddable":true,"href":"https:\/\/wdsc-hanover.de\/en\/wp-json\/wp\/v2\/comments?post=42"}],"version-history":[{"count":10,"href":"https:\/\/wdsc-hanover.de\/en\/wp-json\/wp\/v2\/pages\/42\/revisions"}],"predecessor-version":[{"id":769,"href":"https:\/\/wdsc-hanover.de\/en\/wp-json\/wp\/v2\/pages\/42\/revisions\/769"}],"wp:attachment":[{"href":"https:\/\/wdsc-hanover.de\/en\/wp-json\/wp\/v2\/media?parent=42"}],"curies":[{"name":"wp","href":"https:\/\/api.w.org\/{rel}","templated":true}]}}