{"id":394,"date":"2024-08-02T10:52:13","date_gmt":"2024-08-02T08:52:13","guid":{"rendered":"https:\/\/wdsc-hanover.de\/?page_id=394"},"modified":"2024-08-06T01:54:14","modified_gmt":"2024-08-05T23:54:14","slug":"grusswort-katharina-pape","status":"publish","type":"page","link":"https:\/\/wdsc-hanover.de\/en\/grusswort-katharina-pape\/","title":{"rendered":"Greetings Katharina Pape"},"content":{"rendered":"<div style=\"height:70px\" aria-hidden=\"true\" class=\"wp-block-spacer\"><\/div>\n\n\n\n<div class=\"wp-block-media-text has-media-on-the-right is-stacked-on-mobile is-vertically-aligned-top\" style=\"grid-template-columns:auto 20%\"><div class=\"wp-block-media-text__content\">\n<p><\/p>\n\n\n\n<h2 class=\"wp-block-heading\">Greetings Katharina Pape<\/h2>\n\n\n\n<p>Dear athletes,<br>dear guests from all over the world and near,<\/p>\n\n\n\n<p>it is a great pleasure and honor for us to welcome you here in Hanover to the World Shooting Championships of the German Deaf Sports Association. In this city, which is known for its rich culture, impressive nature and above all its hospitality, we are allowed to host a sporting event of international standing. We are proud to be able to unite 16 nations from all corners of the world in Hanover.<\/p>\n\n\n\n<p>This World Shooting Championship for the Deaf offers us the opportunity to live and celebrate the values \u200b\u200bof our sport together. Fair play, respect, democracy and peace - these principles unite us all, regardless of origin or hearing status. Shooting plays an important role in deaf sports and we are proud to host such an important championship.<\/p>\n\n\n\n<p>Our special thanks go to everyone who made this event possible - the tireless helpers, the committed supporters as well as the Lower Saxony Sports Shooting Association, the Federal Ministry of the Interior and Home Affairs, the Lower Saxony Lotto Foundation and the City of Hanover. Without your commitment and dedication, this championship would not have been possible.<\/p>\n\n\n\n<p>We wish you all unforgettable days in Hanover, exciting competitions and a time of encounters characterized by peace and mutual respect.<\/p>\n\n\n\n<p>With sporting greetings<\/p>\n\n\n\n<p>Katharina Pape<br>President<br>German Deaf Sports Association<\/p>\n<\/div><figure class=\"wp-block-media-text__media\"><img loading=\"lazy\" decoding=\"async\" width=\"623\" height=\"623\" src=\"https:\/\/wdsc-hanover.de\/wp-content\/uploads\/2024\/08\/k_pape_fix.jpg\" alt=\"\" class=\"wp-image-510 size-full\" srcset=\"https:\/\/wdsc-hanover.de\/wp-content\/uploads\/2024\/08\/k_pape_fix.jpg 623w, https:\/\/wdsc-hanover.de\/wp-content\/uploads\/2024\/08\/k_pape_fix-300x300.jpg 300w, https:\/\/wdsc-hanover.de\/wp-content\/uploads\/2024\/08\/k_pape_fix-150x150.jpg 150w, https:\/\/wdsc-hanover.de\/wp-content\/uploads\/2024\/08\/k_pape_fix-12x12.jpg 12w\" sizes=\"auto, (max-width: 623px) 100vw, 623px\" \/><\/figure><\/div>\n\n\n\n<p><\/p>","protected":false},"excerpt":{"rendered":"<p>Gru\u00dfwort Katharina Pape Liebe Sportlerinnen und Sportler,liebe G\u00e4ste aus aller Welt und Nah, es ist uns eine gro\u00dfe Freude und Ehre, Euch hier in Hannover zur Weltmeisterschaft im Sportschie\u00dfen des Deutschen Geh\u00f6rlosen-Sportverbands herzlich willkommen zu hei\u00dfen. In dieser Stadt, die f\u00fcr ihre reiche Kultur, beeindruckende Natur und vor allem ihre Gastfreundschaft bekannt ist, d\u00fcrfen wir&#8230;<\/p>","protected":false},"author":1,"featured_media":0,"parent":0,"menu_order":0,"comment_status":"closed","ping_status":"closed","template":"","meta":{"_kad_post_transparent":"","_kad_post_title":"","_kad_post_layout":"","_kad_post_sidebar_id":"","_kad_post_content_style":"","_kad_post_vertical_padding":"","_kad_post_feature":"","_kad_post_feature_position":"","_kad_post_header":false,"_kad_post_footer":false,"footnotes":""},"class_list":["post-394","page","type-page","status-publish","hentry"],"_links":{"self":[{"href":"https:\/\/wdsc-hanover.de\/en\/wp-json\/wp\/v2\/pages\/394","targetHints":{"allow":["GET"]}}],"collection":[{"href":"https:\/\/wdsc-hanover.de\/en\/wp-json\/wp\/v2\/pages"}],"about":[{"href":"https:\/\/wdsc-hanover.de\/en\/wp-json\/wp\/v2\/types\/page"}],"author":[{"embeddable":true,"href":"https:\/\/wdsc-hanover.de\/en\/wp-json\/wp\/v2\/users\/1"}],"replies":[{"embeddable":true,"href":"https:\/\/wdsc-hanover.de\/en\/wp-json\/wp\/v2\/comments?post=394"}],"version-history":[{"count":7,"href":"https:\/\/wdsc-hanover.de\/en\/wp-json\/wp\/v2\/pages\/394\/revisions"}],"predecessor-version":[{"id":529,"href":"https:\/\/wdsc-hanover.de\/en\/wp-json\/wp\/v2\/pages\/394\/revisions\/529"}],"wp:attachment":[{"href":"https:\/\/wdsc-hanover.de\/en\/wp-json\/wp\/v2\/media?parent=394"}],"curies":[{"name":"wp","href":"https:\/\/api.w.org\/{rel}","templated":true}]}}