{"id":200,"date":"2024-07-25T12:16:47","date_gmt":"2024-07-25T10:16:47","guid":{"rendered":"https:\/\/wdsc-hanover.de\/?page_id=200"},"modified":"2024-08-06T01:55:08","modified_gmt":"2024-08-05T23:55:08","slug":"impressum","status":"publish","type":"page","link":"https:\/\/wdsc-hanover.de\/en\/impressum\/","title":{"rendered":"Imprint"},"content":{"rendered":"<div style=\"height:70px\" aria-hidden=\"true\" class=\"wp-block-spacer\"><\/div>\n\n\n\n<h1 class=\"wp-block-heading\">IMPRINT<\/h1>\n\n\n\n<p id=\"newsline\">The Vice President of Public Relations is responsible for the content presented.<\/p>\n\n\n\n<p id=\"newsline\"><strong>Postal address:<\/strong><br>German Deaf Sports Association<br>Media and public relations<br>Von-H\u00fcnefeld-Stra\u00dfe 12<br>50829 Cologne<\/p>\n\n\n\n<div class=\"wp-block-buttons is-layout-flex wp-block-buttons-is-layout-flex\">\n<div class=\"wp-block-button\"><a class=\"wp-block-button__link wp-element-button\" href=\"https:\/\/www.dg-sv.de\/impressum.php\" target=\"_blank\" rel=\"noreferrer noopener\">Complete Imprint<\/a><\/div>\n<\/div>\n\n\n\n<p><\/p>","protected":false},"excerpt":{"rendered":"<p>IMPRESSUM Verantwortlich f\u00fcr die dargestellten Inhalte ist der Vizepr\u00e4sident f\u00fcr \u00d6ffentlichkeitsarbeit. Postanschrift:Deutscher Geh\u00f6rlosen-Sportverband e.V.Medien und \u00d6ffentlichkeitsarbeitVon-H\u00fcnefeld-Stra\u00dfe 1250829 K\u00f6ln<\/p>","protected":false},"author":1,"featured_media":0,"parent":0,"menu_order":0,"comment_status":"closed","ping_status":"closed","template":"","meta":{"_kad_post_transparent":"","_kad_post_title":"","_kad_post_layout":"","_kad_post_sidebar_id":"","_kad_post_content_style":"","_kad_post_vertical_padding":"","_kad_post_feature":"","_kad_post_feature_position":"","_kad_post_header":false,"_kad_post_footer":false,"footnotes":""},"class_list":["post-200","page","type-page","status-publish","hentry"],"_links":{"self":[{"href":"https:\/\/wdsc-hanover.de\/en\/wp-json\/wp\/v2\/pages\/200","targetHints":{"allow":["GET"]}}],"collection":[{"href":"https:\/\/wdsc-hanover.de\/en\/wp-json\/wp\/v2\/pages"}],"about":[{"href":"https:\/\/wdsc-hanover.de\/en\/wp-json\/wp\/v2\/types\/page"}],"author":[{"embeddable":true,"href":"https:\/\/wdsc-hanover.de\/en\/wp-json\/wp\/v2\/users\/1"}],"replies":[{"embeddable":true,"href":"https:\/\/wdsc-hanover.de\/en\/wp-json\/wp\/v2\/comments?post=200"}],"version-history":[{"count":5,"href":"https:\/\/wdsc-hanover.de\/en\/wp-json\/wp\/v2\/pages\/200\/revisions"}],"predecessor-version":[{"id":533,"href":"https:\/\/wdsc-hanover.de\/en\/wp-json\/wp\/v2\/pages\/200\/revisions\/533"}],"wp:attachment":[{"href":"https:\/\/wdsc-hanover.de\/en\/wp-json\/wp\/v2\/media?parent=200"}],"curies":[{"name":"wp","href":"https:\/\/api.w.org\/{rel}","templated":true}]}}