{"id":2,"date":"2024-07-22T11:06:57","date_gmt":"2024-07-22T11:06:57","guid":{"rendered":"http:\/\/wdsc-hanover.de\/?page_id=2"},"modified":"2024-08-06T01:54:42","modified_gmt":"2024-08-05T23:54:42","slug":"home","status":"publish","type":"page","link":"https:\/\/wdsc-hanover.de\/en\/","title":{"rendered":"Home"},"content":{"rendered":"<div style=\"height:70px\" aria-hidden=\"true\" class=\"wp-block-spacer\"><\/div>\n\n\n<div class=\"wp-block-image\">\n<figure class=\"aligncenter size-full\"><img loading=\"lazy\" decoding=\"async\" width=\"904\" height=\"640\" src=\"https:\/\/wdsc-hanover.de\/wp-content\/uploads\/2024\/07\/wdsc2024_logo.png\" alt=\"\" class=\"wp-image-268\" srcset=\"https:\/\/wdsc-hanover.de\/wp-content\/uploads\/2024\/07\/wdsc2024_logo.png 904w, https:\/\/wdsc-hanover.de\/wp-content\/uploads\/2024\/07\/wdsc2024_logo-300x212.png 300w, https:\/\/wdsc-hanover.de\/wp-content\/uploads\/2024\/07\/wdsc2024_logo-768x544.png 768w, https:\/\/wdsc-hanover.de\/wp-content\/uploads\/2024\/07\/wdsc2024_logo-18x12.png 18w\" sizes=\"auto, (max-width: 904px) 100vw, 904px\" \/><\/figure>\n<\/div>\n\n\n<p class=\"has-text-align-center\"><strong>Warm welcome to the 2nd World Deaf Shooting Championships!<\/strong><br><br>These world championships will bring together athletes from all over the world to demonstrate their skills and passion for the sport of shooting.\nIn the large national performance center of the Lower Saxony Sports Shooting Association, 16 nations with around 70 participants will compete in an exciting competition and contest this tournament under the motto \"team spirit and fair play\". <br><br>We look forward to seeing all athletes, supporters and all visitors!<\/p>\n\n\n\n<h2 class=\"wp-block-heading has-text-align-center\"><mark style=\"background-color:rgba(0, 0, 0, 0)\" class=\"has-inline-color has-theme-palette-1-color\">29 August - 8 September 2024<\/mark><\/h2>\n\n\n\n<p class=\"has-text-align-center\">The time as come from 29 August until 8 September 2024 \u2013 athletes from all over the world will compete against each other in an exiting competition for the title \u201eDEAF SHOOTING CHAMPION 2024\u201c.<br>We are looking forward to being together and having a fair tournament! Because this experience connects people with and without deafness and prepares the ground for an appreciative, \u2013 in the truest sense of the word \u2013 barrier-free coexistence.<\/p>\n\n\n\n<h2 class=\"wp-block-heading has-text-align-center\"><mark style=\"background-color:rgba(0, 0, 0, 0)\" class=\"has-inline-color has-theme-palette-1-color\">A heartfelt thank you to our<\/mark><br><mark style=\"background-color:rgba(0, 0, 0, 0)\" class=\"has-inline-color has-theme-palette-1-color\">Supporters, Sponsors and Partners!<\/mark><\/h2>\n\n\n<div class=\"wp-block-image\">\n<figure class=\"aligncenter size-full is-resized\"><img loading=\"lazy\" decoding=\"async\" width=\"1623\" height=\"687\" src=\"https:\/\/wdsc-hanover.de\/wp-content\/uploads\/2024\/07\/foerderer-1.jpg\" alt=\"\" class=\"wp-image-292\" style=\"width:796px;height:auto\" srcset=\"https:\/\/wdsc-hanover.de\/wp-content\/uploads\/2024\/07\/foerderer-1.jpg 1623w, https:\/\/wdsc-hanover.de\/wp-content\/uploads\/2024\/07\/foerderer-1-300x127.jpg 300w, https:\/\/wdsc-hanover.de\/wp-content\/uploads\/2024\/07\/foerderer-1-1024x433.jpg 1024w, https:\/\/wdsc-hanover.de\/wp-content\/uploads\/2024\/07\/foerderer-1-768x325.jpg 768w, https:\/\/wdsc-hanover.de\/wp-content\/uploads\/2024\/07\/foerderer-1-1536x650.jpg 1536w, https:\/\/wdsc-hanover.de\/wp-content\/uploads\/2024\/07\/foerderer-1-18x8.jpg 18w\" sizes=\"auto, (max-width: 1623px) 100vw, 1623px\" \/><\/figure>\n<\/div>\n\n\n<div style=\"height:40px\" aria-hidden=\"true\" class=\"wp-block-spacer\"><\/div>\n\n\n\n<div class=\"wp-block-columns is-layout-flex wp-container-core-columns-is-layout-9d6595d7 wp-block-columns-is-layout-flex\">\n<div class=\"wp-block-column is-layout-flow wp-block-column-is-layout-flow\" style=\"flex-basis:25%\">\n<div class=\"wp-block-buttons is-content-justification-right is-layout-flex wp-container-core-buttons-is-layout-e6df00e8 wp-block-buttons-is-layout-flex\">\n<div class=\"wp-block-button is-style-outline is-style-outline--1\"><a class=\"wp-block-button__link wp-element-button\" href=\"https:\/\/wdsc-hanover.de\/en\/home-m-baron\/#marcobaron\"><strong>&lt;&lt;<\/strong><\/a><\/div>\n<\/div>\n<\/div>\n\n\n\n<div class=\"wp-block-column is-layout-flow wp-block-column-is-layout-flow\" style=\"flex-basis:180%\" id=\"kathipape\">\n<div class=\"wp-block-media-text is-stacked-on-mobile\" style=\"grid-template-columns:38% auto\"><figure class=\"wp-block-media-text__media\"><img loading=\"lazy\" decoding=\"async\" width=\"623\" height=\"623\" src=\"https:\/\/wdsc-hanover.de\/wp-content\/uploads\/2024\/08\/k_pape_fix.jpg\" alt=\"\" class=\"wp-image-510 size-full\" srcset=\"https:\/\/wdsc-hanover.de\/wp-content\/uploads\/2024\/08\/k_pape_fix.jpg 623w, https:\/\/wdsc-hanover.de\/wp-content\/uploads\/2024\/08\/k_pape_fix-300x300.jpg 300w, https:\/\/wdsc-hanover.de\/wp-content\/uploads\/2024\/08\/k_pape_fix-150x150.jpg 150w, https:\/\/wdsc-hanover.de\/wp-content\/uploads\/2024\/08\/k_pape_fix-12x12.jpg 12w\" sizes=\"auto, (max-width: 623px) 100vw, 623px\" \/><\/figure><div class=\"wp-block-media-text__content\">\n<h2 class=\"wp-block-heading\">Greetings Katharina Pape<\/h2>\n\n\n\n<p>Dear athletes,<br>dear guests from all over the world and near,<br>it is a great pleasure and honor for us to welcome you here in Hanover to the World Shooting Championships of the German Deaf Sports Association. In this city, which ...<\/p>\n\n\n\n<div class=\"wp-block-buttons is-layout-flex wp-block-buttons-is-layout-flex\">\n<div class=\"wp-block-button\"><a class=\"wp-block-button__link wp-element-button\" href=\"https:\/\/wdsc-hanover.de\/en\/grusswort-katharina-pape\/\">more<\/a><\/div>\n<\/div>\n<\/div><\/div>\n<\/div>\n\n\n\n<div class=\"wp-block-column is-layout-flow wp-block-column-is-layout-flow\" style=\"flex-basis:25%\">\n<div class=\"wp-block-buttons is-layout-flex wp-container-core-buttons-is-layout-a74382ec wp-block-buttons-is-layout-flex\">\n<div class=\"wp-block-button is-style-outline is-style-outline--2\"><a class=\"wp-block-button__link wp-element-button\" href=\"https:\/\/wdsc-hanover.de\/en\/home-m-baron\/#marcobaron\"><strong>&gt;&gt;<\/strong><\/a><\/div>\n<\/div>\n<\/div>\n<\/div>\n\n\n\n<div style=\"height:40px\" aria-hidden=\"true\" class=\"wp-block-spacer\"><\/div>\n\n\n\n<div class=\"wp-block-columns is-layout-flex wp-container-core-columns-is-layout-9d6595d7 wp-block-columns-is-layout-flex\">\n<div class=\"wp-block-column is-layout-flow wp-block-column-is-layout-flow\">\n<div class=\"wp-block-media-text is-stacked-on-mobile is-vertically-aligned-top\" style=\"grid-template-columns:36% auto\"><figure class=\"wp-block-media-text__media\"><img loading=\"lazy\" decoding=\"async\" width=\"1024\" height=\"653\" src=\"https:\/\/wdsc-hanover.de\/wp-content\/uploads\/2024\/07\/DGSV_Logo_Farbe-1024x653.png\" alt=\"\" class=\"wp-image-32 size-full\" srcset=\"https:\/\/wdsc-hanover.de\/wp-content\/uploads\/2024\/07\/DGSV_Logo_Farbe-1024x653.png 1024w, https:\/\/wdsc-hanover.de\/wp-content\/uploads\/2024\/07\/DGSV_Logo_Farbe-300x191.png 300w, https:\/\/wdsc-hanover.de\/wp-content\/uploads\/2024\/07\/DGSV_Logo_Farbe-768x490.png 768w, https:\/\/wdsc-hanover.de\/wp-content\/uploads\/2024\/07\/DGSV_Logo_Farbe-1536x979.png 1536w, https:\/\/wdsc-hanover.de\/wp-content\/uploads\/2024\/07\/DGSV_Logo_Farbe-2048x1305.png 2048w\" sizes=\"auto, (max-width: 1024px) 100vw, 1024px\" \/><\/figure><div class=\"wp-block-media-text__content\">\n<h2 class=\"wp-block-heading\">Host<\/h2>\n\n\n\n<p>The&nbsp;<strong>German Deaf Sports Association<\/strong>&nbsp;is the German superior organization for sports for the deaf and people with hearing disabilities. <br>We are committed to respectful cooperation and combine universal values such as team spirit, fair play and tolerance, not only in sports. <br>As the host of the 2nd Deaf Shooting Championships, we are looking forward to an exciting sporting competition at the top level!<\/p>\n<\/div><\/div>\n<\/div>\n\n\n\n<div class=\"wp-block-column is-layout-flow wp-block-column-is-layout-flow\">\n<div class=\"wp-block-media-text is-stacked-on-mobile is-vertically-aligned-top\" style=\"grid-template-columns:25% auto\"><figure class=\"wp-block-media-text__media\"><img loading=\"lazy\" decoding=\"async\" width=\"489\" height=\"488\" src=\"https:\/\/wdsc-hanover.de\/wp-content\/uploads\/2024\/08\/ICSD-Logo-1.png\" alt=\"\" class=\"wp-image-485 size-full\" srcset=\"https:\/\/wdsc-hanover.de\/wp-content\/uploads\/2024\/08\/ICSD-Logo-1.png 489w, https:\/\/wdsc-hanover.de\/wp-content\/uploads\/2024\/08\/ICSD-Logo-1-300x300.png 300w, https:\/\/wdsc-hanover.de\/wp-content\/uploads\/2024\/08\/ICSD-Logo-1-150x150.png 150w, https:\/\/wdsc-hanover.de\/wp-content\/uploads\/2024\/08\/ICSD-Logo-1-12x12.png 12w\" sizes=\"auto, (max-width: 489px) 100vw, 489px\" \/><\/figure><div class=\"wp-block-media-text__content\">\n<h2 class=\"wp-block-heading\">Organizer<\/h2>\n\n\n\n<p>The&nbsp;<strong>International Committee of Sports for the Deaf (ICSD)<\/strong>&nbsp;was founded in 1924 under the name CISS (Comit\u00e9 International des Sports des Sourds) and celebrates its 100 year anniversary in Paris this year. <br>This organization is standing behind the establishment, development and consolidation of the tradition of inviting top deaf\/hard of hearing athletes from around the world to come together not only in their respective sports, but also to develop camaraderie between their countries.<\/p>\n<\/div><\/div>\n<\/div>\n<\/div>","protected":false},"excerpt":{"rendered":"<p>Herzlich willkommen zu den 2. Geh\u00f6rlosen-Weltmeisterschaften im Sportschiessen! Diese Weltmeisterschaften bringt Sportler*innen aus der ganzen Welt zusammen, die ihr K\u00f6nnen und ihre Leidenschaft f\u00fcr den Schie\u00dfsport unter Beweis stellen. Im gro\u00dfen Bundesleistungszentrum des Nieders\u00e4chsischen Sportsch\u00fctzenverband liefern sich 16 Nationen mit ca. 70 Teilnehmer*innen einen spannendem Wettkampf und bestreiten dieses Turnier unter dem Motto \u201eTeamgeist und&#8230;<\/p>","protected":false},"author":1,"featured_media":8,"parent":0,"menu_order":0,"comment_status":"closed","ping_status":"closed","template":"","meta":{"_kad_post_transparent":"","_kad_post_title":"","_kad_post_layout":"","_kad_post_sidebar_id":"","_kad_post_content_style":"","_kad_post_vertical_padding":"","_kad_post_feature":"","_kad_post_feature_position":"","_kad_post_header":false,"_kad_post_footer":false,"footnotes":""},"class_list":["post-2","page","type-page","status-publish","has-post-thumbnail","hentry"],"_links":{"self":[{"href":"https:\/\/wdsc-hanover.de\/en\/wp-json\/wp\/v2\/pages\/2","targetHints":{"allow":["GET"]}}],"collection":[{"href":"https:\/\/wdsc-hanover.de\/en\/wp-json\/wp\/v2\/pages"}],"about":[{"href":"https:\/\/wdsc-hanover.de\/en\/wp-json\/wp\/v2\/types\/page"}],"author":[{"embeddable":true,"href":"https:\/\/wdsc-hanover.de\/en\/wp-json\/wp\/v2\/users\/1"}],"replies":[{"embeddable":true,"href":"https:\/\/wdsc-hanover.de\/en\/wp-json\/wp\/v2\/comments?post=2"}],"version-history":[{"count":10,"href":"https:\/\/wdsc-hanover.de\/en\/wp-json\/wp\/v2\/pages\/2\/revisions"}],"predecessor-version":[{"id":531,"href":"https:\/\/wdsc-hanover.de\/en\/wp-json\/wp\/v2\/pages\/2\/revisions\/531"}],"wp:featuredmedia":[{"embeddable":true,"href":"https:\/\/wdsc-hanover.de\/en\/wp-json\/wp\/v2\/media\/8"}],"wp:attachment":[{"href":"https:\/\/wdsc-hanover.de\/en\/wp-json\/wp\/v2\/media?parent=2"}],"curies":[{"name":"wp","href":"https:\/\/api.w.org\/{rel}","templated":true}]}}