{"id":119,"date":"2024-07-24T17:47:27","date_gmt":"2024-07-24T15:47:27","guid":{"rendered":"https:\/\/wdsc-hanover.de\/?page_id=119"},"modified":"2024-08-06T01:56:36","modified_gmt":"2024-08-05T23:56:36","slug":"standort","status":"publish","type":"page","link":"https:\/\/wdsc-hanover.de\/en\/standort\/","title":{"rendered":"Location"},"content":{"rendered":"<div style=\"height:70px\" aria-hidden=\"true\" class=\"wp-block-spacer\"><\/div>\n\n\n\n<h2 class=\"wp-block-heading\">Competition venue<\/h2>\n\n\n\n<p>The 2nd World Deaf Shooting Championships take place on the Shooting Range of the Shooting-Federation of Lower Saxony<\/p>\n\n\n\n<p><strong>Address: <\/strong><br>Wilkenburger Str. 30<br>30519 Hanover <br><br>(Google Maps: <a href=\"https:\/\/maps.app.goo.gl\/va73KuBj7NtSTxXn9\">https:\/\/maps.app.goo.gl\/va73KuBj7NtSTxXn9<\/a>)<\/p>\n\n\n\n<figure class=\"wp-block-image size-full\"><img loading=\"lazy\" decoding=\"async\" width=\"640\" height=\"357\" src=\"https:\/\/wdsc-hanover.de\/wp-content\/uploads\/2024\/07\/Aussenansicht1.jpg\" alt=\"\" class=\"wp-image-303\" srcset=\"https:\/\/wdsc-hanover.de\/wp-content\/uploads\/2024\/07\/Aussenansicht1.jpg 640w, https:\/\/wdsc-hanover.de\/wp-content\/uploads\/2024\/07\/Aussenansicht1-300x167.jpg 300w, https:\/\/wdsc-hanover.de\/wp-content\/uploads\/2024\/07\/Aussenansicht1-18x10.jpg 18w\" sizes=\"auto, (max-width: 640px) 100vw, 640px\" \/><\/figure>\n\n\n\n<h4 class=\"wp-block-heading\">10m area:<\/h4>\n\n\n\n<div class=\"wp-block-columns is-layout-flex wp-container-core-columns-is-layout-9d6595d7 wp-block-columns-is-layout-flex\">\n<div class=\"wp-block-column is-layout-flow wp-block-column-is-layout-flow\">\n<figure class=\"wp-block-image size-full\"><img loading=\"lazy\" decoding=\"async\" width=\"850\" height=\"567\" src=\"https:\/\/wdsc-hanover.de\/wp-content\/uploads\/2024\/07\/10m_1.jpg\" alt=\"\" class=\"wp-image-363\" srcset=\"https:\/\/wdsc-hanover.de\/wp-content\/uploads\/2024\/07\/10m_1.jpg 850w, https:\/\/wdsc-hanover.de\/wp-content\/uploads\/2024\/07\/10m_1-300x200.jpg 300w, https:\/\/wdsc-hanover.de\/wp-content\/uploads\/2024\/07\/10m_1-768x512.jpg 768w, https:\/\/wdsc-hanover.de\/wp-content\/uploads\/2024\/07\/10m_1-18x12.jpg 18w\" sizes=\"auto, (max-width: 850px) 100vw, 850px\" \/><\/figure>\n<\/div>\n\n\n\n<div class=\"wp-block-column is-layout-flow wp-block-column-is-layout-flow\">\n<figure class=\"wp-block-image size-full\"><img loading=\"lazy\" decoding=\"async\" width=\"850\" height=\"567\" src=\"https:\/\/wdsc-hanover.de\/wp-content\/uploads\/2024\/07\/10m_2.jpg\" alt=\"\" class=\"wp-image-364\" srcset=\"https:\/\/wdsc-hanover.de\/wp-content\/uploads\/2024\/07\/10m_2.jpg 850w, https:\/\/wdsc-hanover.de\/wp-content\/uploads\/2024\/07\/10m_2-300x200.jpg 300w, https:\/\/wdsc-hanover.de\/wp-content\/uploads\/2024\/07\/10m_2-768x512.jpg 768w, https:\/\/wdsc-hanover.de\/wp-content\/uploads\/2024\/07\/10m_2-18x12.jpg 18w\" sizes=\"auto, (max-width: 850px) 100vw, 850px\" \/><\/figure>\n<\/div>\n<\/div>\n\n\n\n<h4 class=\"wp-block-heading\">25m area:<\/h4>\n\n\n\n<div class=\"wp-block-columns is-layout-flex wp-container-core-columns-is-layout-9d6595d7 wp-block-columns-is-layout-flex\">\n<div class=\"wp-block-column is-layout-flow wp-block-column-is-layout-flow\">\n<figure class=\"wp-block-image size-large\"><img loading=\"lazy\" decoding=\"async\" width=\"1024\" height=\"682\" src=\"https:\/\/wdsc-hanover.de\/wp-content\/uploads\/2024\/07\/25m_1-1024x682.jpg\" alt=\"\" class=\"wp-image-367\" srcset=\"https:\/\/wdsc-hanover.de\/wp-content\/uploads\/2024\/07\/25m_1-1024x682.jpg 1024w, https:\/\/wdsc-hanover.de\/wp-content\/uploads\/2024\/07\/25m_1-300x200.jpg 300w, https:\/\/wdsc-hanover.de\/wp-content\/uploads\/2024\/07\/25m_1-768x512.jpg 768w, https:\/\/wdsc-hanover.de\/wp-content\/uploads\/2024\/07\/25m_1-1536x1024.jpg 1536w, https:\/\/wdsc-hanover.de\/wp-content\/uploads\/2024\/07\/25m_1-18x12.jpg 18w, https:\/\/wdsc-hanover.de\/wp-content\/uploads\/2024\/07\/25m_1.jpg 2000w\" sizes=\"auto, (max-width: 1024px) 100vw, 1024px\" \/><\/figure>\n<\/div>\n\n\n\n<div class=\"wp-block-column is-layout-flow wp-block-column-is-layout-flow\">\n<figure class=\"wp-block-image size-large\"><img loading=\"lazy\" decoding=\"async\" width=\"1024\" height=\"682\" src=\"https:\/\/wdsc-hanover.de\/wp-content\/uploads\/2024\/07\/25m_2-1024x682.jpg\" alt=\"\" class=\"wp-image-368\" srcset=\"https:\/\/wdsc-hanover.de\/wp-content\/uploads\/2024\/07\/25m_2-1024x682.jpg 1024w, https:\/\/wdsc-hanover.de\/wp-content\/uploads\/2024\/07\/25m_2-300x200.jpg 300w, https:\/\/wdsc-hanover.de\/wp-content\/uploads\/2024\/07\/25m_2-768x512.jpg 768w, https:\/\/wdsc-hanover.de\/wp-content\/uploads\/2024\/07\/25m_2-1536x1024.jpg 1536w, https:\/\/wdsc-hanover.de\/wp-content\/uploads\/2024\/07\/25m_2-18x12.jpg 18w, https:\/\/wdsc-hanover.de\/wp-content\/uploads\/2024\/07\/25m_2.jpg 2000w\" sizes=\"auto, (max-width: 1024px) 100vw, 1024px\" \/><\/figure>\n<\/div>\n<\/div>\n\n\n\n<h4 class=\"wp-block-heading\">50m area:<\/h4>\n\n\n\n<div class=\"wp-block-columns is-layout-flex wp-container-core-columns-is-layout-9d6595d7 wp-block-columns-is-layout-flex\">\n<div class=\"wp-block-column is-layout-flow wp-block-column-is-layout-flow\">\n<figure class=\"wp-block-image size-large\"><img loading=\"lazy\" decoding=\"async\" width=\"1024\" height=\"682\" src=\"https:\/\/wdsc-hanover.de\/wp-content\/uploads\/2024\/07\/50m_1-1024x682.jpg\" alt=\"\" class=\"wp-image-369\" srcset=\"https:\/\/wdsc-hanover.de\/wp-content\/uploads\/2024\/07\/50m_1-1024x682.jpg 1024w, https:\/\/wdsc-hanover.de\/wp-content\/uploads\/2024\/07\/50m_1-300x200.jpg 300w, https:\/\/wdsc-hanover.de\/wp-content\/uploads\/2024\/07\/50m_1-768x512.jpg 768w, https:\/\/wdsc-hanover.de\/wp-content\/uploads\/2024\/07\/50m_1-1536x1024.jpg 1536w, https:\/\/wdsc-hanover.de\/wp-content\/uploads\/2024\/07\/50m_1-18x12.jpg 18w, https:\/\/wdsc-hanover.de\/wp-content\/uploads\/2024\/07\/50m_1.jpg 2000w\" sizes=\"auto, (max-width: 1024px) 100vw, 1024px\" \/><\/figure>\n<\/div>\n\n\n\n<div class=\"wp-block-column is-layout-flow wp-block-column-is-layout-flow\">\n<figure class=\"wp-block-image size-large\"><img loading=\"lazy\" decoding=\"async\" width=\"1024\" height=\"682\" src=\"https:\/\/wdsc-hanover.de\/wp-content\/uploads\/2024\/07\/50m_2-1024x682.jpg\" alt=\"\" class=\"wp-image-370\" srcset=\"https:\/\/wdsc-hanover.de\/wp-content\/uploads\/2024\/07\/50m_2-1024x682.jpg 1024w, https:\/\/wdsc-hanover.de\/wp-content\/uploads\/2024\/07\/50m_2-300x200.jpg 300w, https:\/\/wdsc-hanover.de\/wp-content\/uploads\/2024\/07\/50m_2-768x512.jpg 768w, https:\/\/wdsc-hanover.de\/wp-content\/uploads\/2024\/07\/50m_2-1536x1024.jpg 1536w, https:\/\/wdsc-hanover.de\/wp-content\/uploads\/2024\/07\/50m_2-18x12.jpg 18w, https:\/\/wdsc-hanover.de\/wp-content\/uploads\/2024\/07\/50m_2.jpg 2000w\" sizes=\"auto, (max-width: 1024px) 100vw, 1024px\" \/><\/figure>\n<\/div>\n<\/div>\n\n\n\n<h4 class=\"wp-block-heading\">Final hall:<\/h4>\n\n\n\n<div class=\"wp-block-columns is-layout-flex wp-container-core-columns-is-layout-9d6595d7 wp-block-columns-is-layout-flex\">\n<div class=\"wp-block-column is-layout-flow wp-block-column-is-layout-flow\">\n<figure class=\"wp-block-image size-large\"><img loading=\"lazy\" decoding=\"async\" width=\"1024\" height=\"682\" src=\"https:\/\/wdsc-hanover.de\/wp-content\/uploads\/2024\/07\/Finalhalle_1-1024x682.jpg\" alt=\"\" class=\"wp-image-372\" srcset=\"https:\/\/wdsc-hanover.de\/wp-content\/uploads\/2024\/07\/Finalhalle_1-1024x682.jpg 1024w, https:\/\/wdsc-hanover.de\/wp-content\/uploads\/2024\/07\/Finalhalle_1-300x200.jpg 300w, https:\/\/wdsc-hanover.de\/wp-content\/uploads\/2024\/07\/Finalhalle_1-768x512.jpg 768w, https:\/\/wdsc-hanover.de\/wp-content\/uploads\/2024\/07\/Finalhalle_1-1536x1024.jpg 1536w, https:\/\/wdsc-hanover.de\/wp-content\/uploads\/2024\/07\/Finalhalle_1-18x12.jpg 18w, https:\/\/wdsc-hanover.de\/wp-content\/uploads\/2024\/07\/Finalhalle_1.jpg 2000w\" sizes=\"auto, (max-width: 1024px) 100vw, 1024px\" \/><\/figure>\n<\/div>\n\n\n\n<div class=\"wp-block-column is-layout-flow wp-block-column-is-layout-flow\">\n<figure class=\"wp-block-image size-large\"><img loading=\"lazy\" decoding=\"async\" width=\"1024\" height=\"682\" src=\"https:\/\/wdsc-hanover.de\/wp-content\/uploads\/2024\/07\/Finalhalle_2-1024x682.jpg\" alt=\"\" class=\"wp-image-373\" srcset=\"https:\/\/wdsc-hanover.de\/wp-content\/uploads\/2024\/07\/Finalhalle_2-1024x682.jpg 1024w, https:\/\/wdsc-hanover.de\/wp-content\/uploads\/2024\/07\/Finalhalle_2-300x200.jpg 300w, https:\/\/wdsc-hanover.de\/wp-content\/uploads\/2024\/07\/Finalhalle_2-768x512.jpg 768w, https:\/\/wdsc-hanover.de\/wp-content\/uploads\/2024\/07\/Finalhalle_2-1536x1024.jpg 1536w, https:\/\/wdsc-hanover.de\/wp-content\/uploads\/2024\/07\/Finalhalle_2-18x12.jpg 18w, https:\/\/wdsc-hanover.de\/wp-content\/uploads\/2024\/07\/Finalhalle_2.jpg 2000w\" sizes=\"auto, (max-width: 1024px) 100vw, 1024px\" \/><\/figure>\n<\/div>\n<\/div>\n\n\n\n<h4 class=\"wp-block-heading\">Outdoor area:<\/h4>\n\n\n\n<div class=\"wp-block-columns is-layout-flex wp-container-core-columns-is-layout-9d6595d7 wp-block-columns-is-layout-flex\">\n<div class=\"wp-block-column is-layout-flow wp-block-column-is-layout-flow\">\n<figure class=\"wp-block-image size-large\"><img loading=\"lazy\" decoding=\"async\" width=\"1024\" height=\"682\" src=\"https:\/\/wdsc-hanover.de\/wp-content\/uploads\/2024\/07\/Aussenanlage_1-1024x682.jpg\" alt=\"\" class=\"wp-image-374\" srcset=\"https:\/\/wdsc-hanover.de\/wp-content\/uploads\/2024\/07\/Aussenanlage_1-1024x682.jpg 1024w, https:\/\/wdsc-hanover.de\/wp-content\/uploads\/2024\/07\/Aussenanlage_1-300x200.jpg 300w, https:\/\/wdsc-hanover.de\/wp-content\/uploads\/2024\/07\/Aussenanlage_1-768x512.jpg 768w, https:\/\/wdsc-hanover.de\/wp-content\/uploads\/2024\/07\/Aussenanlage_1-1536x1024.jpg 1536w, https:\/\/wdsc-hanover.de\/wp-content\/uploads\/2024\/07\/Aussenanlage_1-18x12.jpg 18w, https:\/\/wdsc-hanover.de\/wp-content\/uploads\/2024\/07\/Aussenanlage_1.jpg 2000w\" sizes=\"auto, (max-width: 1024px) 100vw, 1024px\" \/><\/figure>\n<\/div>\n\n\n\n<div class=\"wp-block-column is-layout-flow wp-block-column-is-layout-flow\">\n<figure class=\"wp-block-image size-large\"><img loading=\"lazy\" decoding=\"async\" width=\"1024\" height=\"682\" src=\"https:\/\/wdsc-hanover.de\/wp-content\/uploads\/2024\/07\/Medal_ceremony_area-1024x682.jpg\" alt=\"\" class=\"wp-image-375\" srcset=\"https:\/\/wdsc-hanover.de\/wp-content\/uploads\/2024\/07\/Medal_ceremony_area-1024x682.jpg 1024w, https:\/\/wdsc-hanover.de\/wp-content\/uploads\/2024\/07\/Medal_ceremony_area-300x200.jpg 300w, https:\/\/wdsc-hanover.de\/wp-content\/uploads\/2024\/07\/Medal_ceremony_area-768x512.jpg 768w, https:\/\/wdsc-hanover.de\/wp-content\/uploads\/2024\/07\/Medal_ceremony_area-1536x1024.jpg 1536w, https:\/\/wdsc-hanover.de\/wp-content\/uploads\/2024\/07\/Medal_ceremony_area-18x12.jpg 18w, https:\/\/wdsc-hanover.de\/wp-content\/uploads\/2024\/07\/Medal_ceremony_area.jpg 2000w\" sizes=\"auto, (max-width: 1024px) 100vw, 1024px\" \/><\/figure>\n<\/div>\n<\/div>","protected":false},"excerpt":{"rendered":"<p>Wettkampfort Die 2. Schie\u00dfsport-Weltmeisterschaften finden auf der Schie\u00dfsportanlage des Nieders\u00e4chsischen Sportsch\u00fctzenverbandes statt. Adresse: Wilkenburger Str. 3030519 Hannover (Google Maps: https:\/\/maps.app.goo.gl\/va73KuBj7NtSTxXn9) 10m Bereich: 25m Bereich: 50m Bereich: Finalhalle: Aussenanlage:<\/p>","protected":false},"author":1,"featured_media":0,"parent":0,"menu_order":0,"comment_status":"closed","ping_status":"closed","template":"","meta":{"_kad_post_transparent":"","_kad_post_title":"","_kad_post_layout":"","_kad_post_sidebar_id":"","_kad_post_content_style":"","_kad_post_vertical_padding":"","_kad_post_feature":"","_kad_post_feature_position":"","_kad_post_header":false,"_kad_post_footer":false,"footnotes":""},"class_list":["post-119","page","type-page","status-publish","hentry"],"_links":{"self":[{"href":"https:\/\/wdsc-hanover.de\/en\/wp-json\/wp\/v2\/pages\/119","targetHints":{"allow":["GET"]}}],"collection":[{"href":"https:\/\/wdsc-hanover.de\/en\/wp-json\/wp\/v2\/pages"}],"about":[{"href":"https:\/\/wdsc-hanover.de\/en\/wp-json\/wp\/v2\/types\/page"}],"author":[{"embeddable":true,"href":"https:\/\/wdsc-hanover.de\/en\/wp-json\/wp\/v2\/users\/1"}],"replies":[{"embeddable":true,"href":"https:\/\/wdsc-hanover.de\/en\/wp-json\/wp\/v2\/comments?post=119"}],"version-history":[{"count":8,"href":"https:\/\/wdsc-hanover.de\/en\/wp-json\/wp\/v2\/pages\/119\/revisions"}],"predecessor-version":[{"id":539,"href":"https:\/\/wdsc-hanover.de\/en\/wp-json\/wp\/v2\/pages\/119\/revisions\/539"}],"wp:attachment":[{"href":"https:\/\/wdsc-hanover.de\/en\/wp-json\/wp\/v2\/media?parent=119"}],"curies":[{"name":"wp","href":"https:\/\/api.w.org\/{rel}","templated":true}]}}